{"id":27,"date":"2016-01-31T17:47:11","date_gmt":"2016-01-31T16:47:11","guid":{"rendered":"http:\/\/www.leaharp.com\/?page_id=27"},"modified":"2023-12-31T14:44:38","modified_gmt":"2023-12-31T13:44:38","slug":"shiatsu","status":"publish","type":"page","link":"https:\/\/www.leaharp.com\/?page_id=27","title":{"rendered":"Le Shiatsu"},"content":{"rendered":"\n<div class=\"wp-block-group\"><div class=\"wp-block-group__inner-container is-layout-constrained wp-block-group-is-layout-constrained\">\n<p><\/p>\n\n\n\n<div class=\"wp-block-media-text alignwide is-stacked-on-mobile\" style=\"grid-template-columns:22% auto\"><figure class=\"wp-block-media-text__media\"><img loading=\"lazy\" decoding=\"async\" width=\"197\" height=\"174\" src=\"https:\/\/www.leaharp.com\/wp-content\/uploads\/2016\/01\/Poisson.jpg\" alt=\"\" class=\"wp-image-13 size-full\"\/><\/figure><div class=\"wp-block-media-text__content\">\n<p class=\"has-text-align-left\" style=\"font-size:25px\"><strong>SHI (Doigt) ATSU (Pression)<\/strong><\/p>\n\n\n\n<p class=\"has-medium-font-size\">Le shiatsu est un mot japonais qui signifie <\/p>\n\n\n\n<p class=\"has-medium-font-size\">\u201cPression (Atsu) avec les doigts (Shi)\u201d<\/p>\n\n\n\n<p class=\"has-medium-font-size\">TOUCHER<\/p>\n\n\n\n<p class=\"has-medium-font-size\">1.&nbsp;<em>Nom masculin&nbsp;<\/em> Sens qui permet de percevoir certaines propri\u00e9t\u00e9s d\u2019un corps par contact ou palpation.<\/p>\n\n\n\n<p class=\"has-medium-font-size\">2.&nbsp;<em>Verbe transitif&nbsp;<\/em>  Mettre la main sur,&nbsp;entrer en contact avec.<\/p>\n<\/div><\/div>\n<\/div><\/div>\n\n\n\n<div style=\"height:38px\" aria-hidden=\"true\" class=\"wp-block-spacer\"><\/div>\n\n\n\n<p class=\"has-medium-font-size\">Le shiatsu est une pratique ancestrale de soins, issu de la m\u00e9decine traditionnelle chinoise.<\/p>\n\n\n\n<p class=\"has-medium-font-size\">V\u00e9ritable m\u00e9decine au Japon, le shiatsu est inscrit dans la tradition orientale de pr\u00e9vention des maladies et du bon entretien de la sant\u00e9, identifi\u00e9 comme m\u00e9thode de m\u00e9decine compl\u00e9mentaire par la Commission Europ\u00e9enne (1997). Discipline \u00e9nerg\u00e9tique naturelle et bienfaisante conduisant \u00e0 un \u00ab&nbsp;mieux \u00eatre&nbsp;\u00bb qui prend en consid\u00e9ration la personne dans sa globalit\u00e9.<\/p>\n\n\n\n<p class=\"has-medium-font-size\">C\u2019est une technique de th\u00e9rapie manuelle qui consiste en des pressions sur les m\u00e9ridiens d\u2019acupuncture, \u00e9tirements et mobilisations des diff\u00e9rentes parties du corps. Le shiatsu vise \u00e0 lib\u00e9rer les tensions, r\u00e9duire le stress, apporter une d\u00e9tente physique et psychique afin d\u2019\u00e9quilibrer tout le syst\u00e8me \u00e9nerg\u00e9tique. Par ses actions sur les syst\u00e8mes nerveux et hormonal, le shiatsu stimule la circulation sanguine et renforce les d\u00e9fenses naturelles de l\u2019organisme.<\/p>\n\n\n\n<p class=\"has-medium-font-size\">Le praticien r\u00e9veille son potentiel naturel de gu\u00e9rison et de r\u00e9\u00e9quilibration en harmonisant le corps et l\u2019esprit.<\/p>\n\n\n\n<p class=\"has-medium-font-size\"><strong><em><strong>Cette pratique naturelle, dont les bienfaits sont reconnus, ne se substitue pourtant \u00e0 aucun traitement m\u00e9dical ni \u00e0 l\u2019avis de votre m\u00e9decin.<\/strong><\/em><\/strong><\/p>\n","protected":false},"excerpt":{"rendered":"<p>SHI (Doigt) ATSU (Pression) Le shiatsu est un mot japonais qui signifie \u201cPression (Atsu) avec les doigts (Shi)\u201d TOUCHER 1.&nbsp;Nom masculin&nbsp; Sens qui permet de percevoir certaines propri\u00e9t\u00e9s d\u2019un corps par contact ou palpation. 2.&nbsp;Verbe transitif&nbsp; Mettre la main sur,&nbsp;entrer en contact avec. Le shiatsu est une pratique ancestrale de soins, issu de la m\u00e9decine traditionnelle chinoise. V\u00e9ritable m\u00e9decine au Japon, le shiatsu est inscrit dans la tradition orientale de pr\u00e9vention des maladies et du [&hellip;]<\/p>\n","protected":false},"author":1,"featured_media":0,"parent":0,"menu_order":0,"comment_status":"closed","ping_status":"closed","template":"templates\/page_fullwidth.php","meta":{"footnotes":""},"class_list":["post-27","page","type-page","status-publish","hentry"],"_links":{"self":[{"href":"https:\/\/www.leaharp.com\/index.php?rest_route=\/wp\/v2\/pages\/27","targetHints":{"allow":["GET"]}}],"collection":[{"href":"https:\/\/www.leaharp.com\/index.php?rest_route=\/wp\/v2\/pages"}],"about":[{"href":"https:\/\/www.leaharp.com\/index.php?rest_route=\/wp\/v2\/types\/page"}],"author":[{"embeddable":true,"href":"https:\/\/www.leaharp.com\/index.php?rest_route=\/wp\/v2\/users\/1"}],"replies":[{"embeddable":true,"href":"https:\/\/www.leaharp.com\/index.php?rest_route=%2Fwp%2Fv2%2Fcomments&post=27"}],"version-history":[{"count":29,"href":"https:\/\/www.leaharp.com\/index.php?rest_route=\/wp\/v2\/pages\/27\/revisions"}],"predecessor-version":[{"id":678,"href":"https:\/\/www.leaharp.com\/index.php?rest_route=\/wp\/v2\/pages\/27\/revisions\/678"}],"wp:attachment":[{"href":"https:\/\/www.leaharp.com\/index.php?rest_route=%2Fwp%2Fv2%2Fmedia&parent=27"}],"curies":[{"name":"wp","href":"https:\/\/api.w.org\/{rel}","templated":true}]}}