{"id":47,"date":"2016-01-31T18:04:36","date_gmt":"2016-01-31T17:04:36","guid":{"rendered":"http:\/\/www.leaharp.com\/?page_id=47"},"modified":"2025-08-20T13:09:32","modified_gmt":"2025-08-20T12:09:32","slug":"lieux-de-consultation","status":"publish","type":"page","link":"https:\/\/www.leaharp.com\/?page_id=47","title":{"rendered":"S\u00e9ances \/ Tarifs &#8211; Lieux"},"content":{"rendered":"\n<p>La s\u00e9ance de shiatsu se re\u00e7oit habill\u00e9. Une tenue souple est donc recommand\u00e9e.<\/p>\n\n\n\n<p>Le shiatsu continue \u00e0 agir au-del\u00e0 de la s\u00e9ance.<br>Trois s\u00e9ances successives \u00e0 quinze jours d&rsquo;intervalle sont n\u00e9cessaires pour b\u00e9n\u00e9ficier pleinement des bienfaits du shiatsu.<\/p>\n\n\n\n<p>Je re\u00e7ois \u00e0 Paris et en C\u00f4te d&rsquo;or. <\/p>\n\n\n\n<p><\/p>\n\n\n\n<div style=\"height:32px\" aria-hidden=\"true\" class=\"wp-block-spacer\"><\/div>\n\n\n\n<div class=\"wp-block-media-text is-stacked-on-mobile\" style=\"grid-template-columns:37% auto\"><figure class=\"wp-block-media-text__media\"><img loading=\"lazy\" decoding=\"async\" width=\"1024\" height=\"568\" src=\"https:\/\/www.leaharp.com\/wp-content\/uploads\/2024\/05\/1714926046790-1-1024x568.jpg\" alt=\"\" class=\"wp-image-732 size-full\" srcset=\"https:\/\/www.leaharp.com\/wp-content\/uploads\/2024\/05\/1714926046790-1-1024x568.jpg 1024w, https:\/\/www.leaharp.com\/wp-content\/uploads\/2024\/05\/1714926046790-1-300x166.jpg 300w, https:\/\/www.leaharp.com\/wp-content\/uploads\/2024\/05\/1714926046790-1-768x426.jpg 768w, https:\/\/www.leaharp.com\/wp-content\/uploads\/2024\/05\/1714926046790-1-1536x852.jpg 1536w, https:\/\/www.leaharp.com\/wp-content\/uploads\/2024\/05\/1714926046790-1-2048x1136.jpg 2048w, https:\/\/www.leaharp.com\/wp-content\/uploads\/2024\/05\/1714926046790-1-1080x599.jpg 1080w\" sizes=\"auto, (max-width: 1024px) 100vw, 1024px\" \/><\/figure><div class=\"wp-block-media-text__content\">\n<div class=\"wp-block-group\"><div class=\"wp-block-group__inner-container is-layout-constrained wp-block-group-is-layout-constrained\">\n<p class=\"has-text-align-right\" style=\"font-size:24px\"><strong>Shiatsu global<\/strong><\/p>\n\n\n\n<p class=\"has-text-align-right has-medium-font-size\"><strong>Tarif Paris<\/strong> \/ <em>Tarif C\u00f4te d&rsquo;or<\/em><strong> <\/strong><\/p>\n\n\n\n<p class=\"has-text-align-right\">Premi\u00e8re s\u00e9ance : <strong>80 \u20ac <\/strong>\/ <em>60 \u20ac<\/em><\/p>\n\n\n\n<p class=\"has-text-align-right\">Suivi th\u00e9rapeutique : <strong>70 \u20ac<\/strong> \/ <em>50 \u20ac<\/em><\/p>\n\n\n\n<p class=\"has-text-align-right\" style=\"font-size:17px\"><\/p>\n<\/div><\/div>\n<\/div><\/div>\n\n\n\n<p class=\"has-small-font-size\"><\/p>\n\n\n\n<div style=\"height:45px\" aria-hidden=\"true\" class=\"wp-block-spacer\"><\/div>\n\n\n\n<p class=\"has-medium-font-size\">Cette s\u00e9ance, entre autres bienfaits, renforce le syst\u00e8me immunitaire dans sa globalit\u00e9, fait circuler l&rsquo;\u00e9nergie, lib\u00e8re les tensions, apaise le mental, r\u00e9duit le stress.<\/p>\n\n\n\n<div style=\"height:85px\" aria-hidden=\"true\" class=\"wp-block-spacer\"><\/div>\n\n\n<div class=\"wp-block-image\">\n<figure class=\"aligncenter size-large is-resized\"><img loading=\"lazy\" decoding=\"async\" width=\"1024\" height=\"510\" src=\"https:\/\/www.leaharp.com\/wp-content\/uploads\/2024\/05\/1714925678212-1024x510.jpg\" alt=\"\" class=\"wp-image-727\" style=\"width:475px;height:auto\" srcset=\"https:\/\/www.leaharp.com\/wp-content\/uploads\/2024\/05\/1714925678212-1024x510.jpg 1024w, https:\/\/www.leaharp.com\/wp-content\/uploads\/2024\/05\/1714925678212-300x149.jpg 300w, https:\/\/www.leaharp.com\/wp-content\/uploads\/2024\/05\/1714925678212-768x382.jpg 768w, https:\/\/www.leaharp.com\/wp-content\/uploads\/2024\/05\/1714925678212-1536x765.jpg 1536w, https:\/\/www.leaharp.com\/wp-content\/uploads\/2024\/05\/1714925678212-2048x1020.jpg 2048w, https:\/\/www.leaharp.com\/wp-content\/uploads\/2024\/05\/1714925678212-1080x538.jpg 1080w\" sizes=\"auto, (max-width: 1024px) 100vw, 1024px\" \/><\/figure>\n<\/div>\n\n\n<div style=\"height:88px\" aria-hidden=\"true\" class=\"wp-block-spacer\"><\/div>\n\n\n\n<p class=\"has-medium-font-size\"><strong>S\u00e9ance courte<\/strong> (40 minutes) \u2013 40 \u20ac <\/p>\n\n\n\n<p class=\"has-text-align-left has-medium-font-size\">En travaillant sur les extr\u00e9mit\u00e9s du corps \u00ab&nbsp;T\u00eate et Pieds&nbsp;\u00bb cette s\u00e9ance vous permettra de l\u00e2cher le mental et de ressentir votre ancrage \u00e0 la terre.                                                               <\/p>\n\n\n\n<div style=\"height:20px\" aria-hidden=\"true\" class=\"wp-block-spacer\"><\/div>\n\n\n\n<p class=\"has-medium-font-size\"><strong>Shiatsu et accompagnement psycho-corporel  <\/strong>(120 minutes) \u2013 110 \u20ac <br>Je mets d\u2019autres outils \u00e0 votre disposition (accompagnement psycho-corporel, m\u00e9ditation, respiration, souffle et voix \u2026 ) et vous accompagne pour une s\u00e9ance particuli\u00e8re o\u00f9 se donner le temps est ici le ma\u00eetre mot.<\/p>\n\n\n\n<div style=\"height:60px\" aria-hidden=\"true\" class=\"wp-block-spacer\"><\/div>\n\n\n\n<p><em>Le tarif de la s\u00e9ance ne doit pas \u00eatre un obstacle \u00e0 l&rsquo;acc\u00e8s au soin. <\/em><\/p>\n\n\n\n<p><em>Il sera toujours possible de trouver un accord en fonction de vos revenus.<\/em><\/p>\n\n\n\n<p class=\"has-medium-font-size\"><\/p>\n\n\n\n<p class=\"has-medium-font-size\"><\/p>\n\n\n\n<p class=\"has-text-align-right\" style=\"font-size:17px\">N\u00b0 SIRET : 809 277 353 000 11<\/p>\n","protected":false},"excerpt":{"rendered":"<p>La s\u00e9ance de shiatsu se re\u00e7oit habill\u00e9. Une tenue souple est donc recommand\u00e9e. Le shiatsu continue \u00e0 agir au-del\u00e0 de la s\u00e9ance.Trois s\u00e9ances successives \u00e0 quinze jours d&rsquo;intervalle sont n\u00e9cessaires pour b\u00e9n\u00e9ficier pleinement des bienfaits du shiatsu. Je re\u00e7ois \u00e0 Paris et en C\u00f4te d&rsquo;or. Cette s\u00e9ance, entre autres bienfaits, renforce le syst\u00e8me immunitaire dans sa globalit\u00e9, fait circuler l&rsquo;\u00e9nergie, lib\u00e8re les tensions, apaise le mental, r\u00e9duit le stress. S\u00e9ance courte (40 minutes) \u2013 40 [&hellip;]<\/p>\n","protected":false},"author":1,"featured_media":0,"parent":0,"menu_order":0,"comment_status":"closed","ping_status":"closed","template":"templates\/page_fullwidth.php","meta":{"footnotes":""},"class_list":["post-47","page","type-page","status-publish","hentry"],"_links":{"self":[{"href":"https:\/\/www.leaharp.com\/index.php?rest_route=\/wp\/v2\/pages\/47","targetHints":{"allow":["GET"]}}],"collection":[{"href":"https:\/\/www.leaharp.com\/index.php?rest_route=\/wp\/v2\/pages"}],"about":[{"href":"https:\/\/www.leaharp.com\/index.php?rest_route=\/wp\/v2\/types\/page"}],"author":[{"embeddable":true,"href":"https:\/\/www.leaharp.com\/index.php?rest_route=\/wp\/v2\/users\/1"}],"replies":[{"embeddable":true,"href":"https:\/\/www.leaharp.com\/index.php?rest_route=%2Fwp%2Fv2%2Fcomments&post=47"}],"version-history":[{"count":103,"href":"https:\/\/www.leaharp.com\/index.php?rest_route=\/wp\/v2\/pages\/47\/revisions"}],"predecessor-version":[{"id":808,"href":"https:\/\/www.leaharp.com\/index.php?rest_route=\/wp\/v2\/pages\/47\/revisions\/808"}],"wp:attachment":[{"href":"https:\/\/www.leaharp.com\/index.php?rest_route=%2Fwp%2Fv2%2Fmedia&parent=47"}],"curies":[{"name":"wp","href":"https:\/\/api.w.org\/{rel}","templated":true}]}}