{"id":53,"date":"2016-01-31T18:04:59","date_gmt":"2016-01-31T17:04:59","guid":{"rendered":"http:\/\/www.leaharp.com\/?page_id=53"},"modified":"2022-11-23T21:59:44","modified_gmt":"2022-11-23T20:59:44","slug":"temoignages","status":"publish","type":"page","link":"https:\/\/www.leaharp.com\/?page_id=53","title":{"rendered":"T\u00e9moignages"},"content":{"rendered":"\n<p class=\"has-medium-font-size\"><strong><span style=\"text-decoration: underline;\">Lucile, 49 ans \u2013 octobre 2022<\/span><\/strong><\/p>\n\n\n\n<p class=\"has-medium-font-size\">Une grande d\u00e9licatesse. Pr\u00e9cision et profondeur, un voyage exquis qui apaise et r\u00e9g\u00e9n\u00e8re.<\/p>\n\n\n\n<p class=\"has-medium-font-size\"><strong><span style=\"text-decoration: underline;\">Sylvie,&nbsp;70 ans \u2013 f\u00e9vrier 2021<\/span><\/strong><\/p>\n\n\n\n<p class=\"has-medium-font-size\">J\u2019ai&nbsp; pu ressentir de vrais effets sur mon sommeil. Je me suis aussi sentie plus calme sinon sereine. C\u2019est difficile pour moi de cerner l\u2019ensemble des effets m\u00eame si j\u2019aime toujours autant les s\u00e9ances.<\/p>\n\n\n\n<p class=\"has-medium-font-size\"><br><strong><span style=\"text-decoration: underline;\">Genevi\u00e8ve,&nbsp;79 ans \u2013 janvier 2020<\/span><\/strong><\/p>\n\n\n\n<p class=\"has-medium-font-size\">Sur les conseils de ma fille, je suis venue avec un peu d\u2019appr\u00e9hension faire l\u2019exp\u00e9rience du shiatsu. \u00c0 mon \u00e2ge, les douleurs corporelles, petites et grandes, font partie du quotidien. Je suis ressortie enchant\u00e9e de cette s\u00e9ance, d\u00e9tendue comme je ne l\u2019avais pas \u00e9t\u00e9 depuis des ann\u00e9es, avec le sentiment d\u2019\u00eatre r\u00e9concili\u00e9e avec mon corps si souvent malmen\u00e9.<\/p>\n\n\n\n<p class=\"has-medium-font-size\"><strong><span style=\"text-decoration: underline;\">Solal,&nbsp;18 ans \u2013&nbsp; octobre 2019<\/span><\/strong><\/p>\n\n\n\n<p class=\"has-medium-font-size\">L\u2019exp\u00e9rience du shiatsu a chang\u00e9 de nombreux points dans mon quotidien. \u00c9tant un adolescent, j\u2019ai rapidement eu tendance \u00e0 me renfermer, mettant mon corps \u00e0 rude \u00e9preuve. La praticienne&nbsp; a su, tout en douceur et avec une vraie \u00e9coute, me faire prendre conscience de mon corps.<\/p>\n\n\n\n<p class=\"has-medium-font-size\"><strong><span style=\"text-decoration: underline;\">Sergio, 38 ans \u2013 septembre 2018<\/span><\/strong><\/p>\n\n\n\n<p class=\"has-medium-font-size\">Impression de tr\u00e8s grande d\u00e9licatesse et d\u2019extr\u00eame pr\u00e9cision dans la gestuelle, en m\u00eame temps que sensation de grande puissance pour chaque pression qui semble toucher une r\u00e9gion inconnue et lointaine du corps.<\/p>\n\n\n\n<p class=\"has-medium-font-size\"><strong><span style=\"text-decoration: underline;\">Aur\u00e9lia, 49 ans \u2013 janvier 2015<\/span><\/strong><\/p>\n\n\n\n<p class=\"has-medium-font-size\">Premier massage : incroyable !&nbsp; D\u00e8s le d\u00e9but j\u2019ai ressenti l\u2019\u00e9nergie qui circulait. Je ne connaissais pas ce massage et j\u2019ai ador\u00e9. J\u2019ai \u00e9t\u00e9 touch\u00e9e avec une grande pr\u00e9sence et une grande justesse. J\u2019ai eu le sentiment que le souffle \u00e9tait cal\u00e9 sur le geste. Grande d\u00e9tente pendant. La force de la pression \u00e9tait parfaite. J\u2019ai r\u00e9ussi \u00e0 l\u00e2cher prise d\u00e8s le d\u00e9but.<\/p>\n\n\n\n<p class=\"has-medium-font-size\"><strong><span style=\"text-decoration: underline;\">Alice, 13 ans \u2013 sept. 2014<\/span><\/strong><\/p>\n\n\n\n<p class=\"has-medium-font-size\">Surprenant, agr\u00e9able, je ne sais pas comment d\u00e9crire\u2026 mais j\u2019esp\u00e8re pouvoir recommencer.<\/p>\n\n\n\n<p class=\"has-medium-font-size\"><strong><span style=\"text-decoration: underline;\">Claudine, 60 ans \u2013 mars 2013<\/span><\/strong><\/p>\n\n\n\n<p class=\"has-medium-font-size\">Partage, pression, relax profond. L\u2019intensit\u00e9 est juste, calibr\u00e9e, le r\u00e9sultat excellent. La main prend de l\u2019aplomb et r\u00e9ussit \u00e0 transmettre la passion qui l\u2019anime. Merci.<\/p>\n","protected":false},"excerpt":{"rendered":"<p>Lucile, 49 ans \u2013 octobre 2022 Une grande d\u00e9licatesse. Pr\u00e9cision et profondeur, un voyage exquis qui apaise et r\u00e9g\u00e9n\u00e8re. Sylvie,&nbsp;70 ans \u2013 f\u00e9vrier 2021 J\u2019ai&nbsp; pu ressentir de vrais effets sur mon sommeil. Je me suis aussi sentie plus calme sinon sereine. C\u2019est difficile pour moi de cerner l\u2019ensemble des effets m\u00eame si j\u2019aime toujours autant les s\u00e9ances. Genevi\u00e8ve,&nbsp;79 ans \u2013 janvier 2020 Sur les conseils de ma fille, je suis venue avec un peu [&hellip;]<\/p>\n","protected":false},"author":1,"featured_media":0,"parent":0,"menu_order":0,"comment_status":"closed","ping_status":"closed","template":"templates\/page_fullwidth.php","meta":{"footnotes":""},"class_list":["post-53","page","type-page","status-publish","hentry"],"_links":{"self":[{"href":"https:\/\/www.leaharp.com\/index.php?rest_route=\/wp\/v2\/pages\/53","targetHints":{"allow":["GET"]}}],"collection":[{"href":"https:\/\/www.leaharp.com\/index.php?rest_route=\/wp\/v2\/pages"}],"about":[{"href":"https:\/\/www.leaharp.com\/index.php?rest_route=\/wp\/v2\/types\/page"}],"author":[{"embeddable":true,"href":"https:\/\/www.leaharp.com\/index.php?rest_route=\/wp\/v2\/users\/1"}],"replies":[{"embeddable":true,"href":"https:\/\/www.leaharp.com\/index.php?rest_route=%2Fwp%2Fv2%2Fcomments&post=53"}],"version-history":[{"count":36,"href":"https:\/\/www.leaharp.com\/index.php?rest_route=\/wp\/v2\/pages\/53\/revisions"}],"predecessor-version":[{"id":621,"href":"https:\/\/www.leaharp.com\/index.php?rest_route=\/wp\/v2\/pages\/53\/revisions\/621"}],"wp:attachment":[{"href":"https:\/\/www.leaharp.com\/index.php?rest_route=%2Fwp%2Fv2%2Fmedia&parent=53"}],"curies":[{"name":"wp","href":"https:\/\/api.w.org\/{rel}","templated":true}]}}