{"id":787,"date":"2025-06-27T08:59:34","date_gmt":"2025-06-27T07:59:34","guid":{"rendered":"https:\/\/www.leaharp.com\/?page_id=787"},"modified":"2025-07-10T09:26:54","modified_gmt":"2025-07-10T08:26:54","slug":"festival-avignon-2025","status":"publish","type":"page","link":"https:\/\/www.leaharp.com\/","title":{"rendered":"Festival Avignon 2025"},"content":{"rendered":"\n<p class=\"has-medium-font-size\"><strong>Cette ann\u00e9e j&rsquo;y serai !<\/strong><\/p>\n\n\n\n<p>Je vous propose des s\u00e9ances de shiatsu \u00e0 l&rsquo;ombre d&rsquo;un tilleul ou en fonction de la m\u00e9t\u00e9o, dans une pi\u00e8ce fra\u00eeche.<\/p>\n\n\n\n<p>Sur rendez-vous uniquement au 07 83 09 13 27<\/p>\n\n\n\n<figure class=\"wp-block-gallery has-nested-images columns-default is-cropped has-background wp-block-gallery-1 is-layout-flex wp-block-gallery-is-layout-flex\" style=\"background-color:#f8f8f8\">\n<figure class=\"wp-block-image size-full\"><img loading=\"lazy\" decoding=\"async\" width=\"219\" height=\"336\" data-id=\"795\" src=\"https:\/\/www.leaharp.com\/wp-content\/uploads\/2025\/06\/250621-CARTE-AVIGNON-RECTO.png\" alt=\"\" class=\"wp-image-795\" srcset=\"https:\/\/www.leaharp.com\/wp-content\/uploads\/2025\/06\/250621-CARTE-AVIGNON-RECTO.png 219w, https:\/\/www.leaharp.com\/wp-content\/uploads\/2025\/06\/250621-CARTE-AVIGNON-RECTO-196x300.png 196w\" sizes=\"auto, (max-width: 219px) 100vw, 219px\" \/><\/figure>\n\n\n\n<figure class=\"wp-block-image size-full\"><img loading=\"lazy\" decoding=\"async\" width=\"219\" height=\"336\" data-id=\"794\" src=\"https:\/\/www.leaharp.com\/wp-content\/uploads\/2025\/06\/250621-CARTE-AVIGNON-VERSO-1.png\" alt=\"\" class=\"wp-image-794\" srcset=\"https:\/\/www.leaharp.com\/wp-content\/uploads\/2025\/06\/250621-CARTE-AVIGNON-VERSO-1.png 219w, https:\/\/www.leaharp.com\/wp-content\/uploads\/2025\/06\/250621-CARTE-AVIGNON-VERSO-1-196x300.png 196w\" sizes=\"auto, (max-width: 219px) 100vw, 219px\" \/><\/figure>\n<\/figure>\n\n\n\n<p>Tarif sp\u00e9cial festival : 30\u20ac\/60\u20ac <\/p>\n\n\n\n<p class=\"has-medium-font-size\"><strong>Mais aussi<\/strong><\/p>\n\n\n\n<p>Spectacle tous les jours (rel\u00e2che les mardis) \u00e0 16h50 au th\u00e9\u00e2tre l&rsquo;Entrep\u00f4t<\/p>\n\n\n\n<p><em>Judith, le corps s\u00e9par\u00e9<\/em><\/p>\n\n\n\n<p>Un texte d&rsquo;Howard Barker dans une mise en sc\u00e8ne d&rsquo;\u00c9lisabeth Barbazin &#8211; 1h10<\/p>\n\n\n\n<p>Informations <a href=\"https:\/\/collectif7prime.com\/judith-le-corps-separe\/\">ICI<\/a><\/p>\n\n\n\n<div style=\"height:30px\" aria-hidden=\"true\" class=\"wp-block-spacer\"><\/div>\n","protected":false},"excerpt":{"rendered":"<p>Cette ann\u00e9e j&rsquo;y serai ! Je vous propose des s\u00e9ances de shiatsu \u00e0 l&rsquo;ombre d&rsquo;un tilleul ou en fonction de la m\u00e9t\u00e9o, dans une pi\u00e8ce fra\u00eeche. Sur rendez-vous uniquement au 07 83 09 13 27 Tarif sp\u00e9cial festival : 30\u20ac\/60\u20ac Mais aussi Spectacle tous les jours (rel\u00e2che les mardis) \u00e0 16h50 au th\u00e9\u00e2tre l&rsquo;Entrep\u00f4t Judith, le corps s\u00e9par\u00e9 Un texte d&rsquo;Howard Barker dans une mise en sc\u00e8ne d&rsquo;\u00c9lisabeth Barbazin &#8211; 1h10 Informations ICI<\/p>\n","protected":false},"author":1,"featured_media":0,"parent":0,"menu_order":0,"comment_status":"closed","ping_status":"closed","template":"","meta":{"footnotes":""},"class_list":["post-787","page","type-page","status-publish","hentry"],"_links":{"self":[{"href":"https:\/\/www.leaharp.com\/index.php?rest_route=\/wp\/v2\/pages\/787","targetHints":{"allow":["GET"]}}],"collection":[{"href":"https:\/\/www.leaharp.com\/index.php?rest_route=\/wp\/v2\/pages"}],"about":[{"href":"https:\/\/www.leaharp.com\/index.php?rest_route=\/wp\/v2\/types\/page"}],"author":[{"embeddable":true,"href":"https:\/\/www.leaharp.com\/index.php?rest_route=\/wp\/v2\/users\/1"}],"replies":[{"embeddable":true,"href":"https:\/\/www.leaharp.com\/index.php?rest_route=%2Fwp%2Fv2%2Fcomments&post=787"}],"version-history":[{"count":8,"href":"https:\/\/www.leaharp.com\/index.php?rest_route=\/wp\/v2\/pages\/787\/revisions"}],"predecessor-version":[{"id":806,"href":"https:\/\/www.leaharp.com\/index.php?rest_route=\/wp\/v2\/pages\/787\/revisions\/806"}],"wp:attachment":[{"href":"https:\/\/www.leaharp.com\/index.php?rest_route=%2Fwp%2Fv2%2Fmedia&parent=787"}],"curies":[{"name":"wp","href":"https:\/\/api.w.org\/{rel}","templated":true}]}}